{"id":6838,"date":"2024-08-15T16:45:30","date_gmt":"2024-08-15T07:45:30","guid":{"rendered":"https:\/\/tabi-station.com\/eurail\/?page_id=6838"},"modified":"2024-08-15T19:12:09","modified_gmt":"2024-08-15T10:12:09","slug":"%e3%82%b9%e3%83%ad%e3%83%90%e3%82%ad%e3%82%a2%e3%81%ae%e9%89%84%e9%81%93","status":"publish","type":"page","link":"https:\/\/tabi-station.com\/eurail\/?page_id=6838","title":{"rendered":"\u30b9\u30ed\u30d0\u30ad\u30a2\u306e\u9244\u9053"},"content":{"rendered":"\n<p>\u30b9\u30ed\u30d0\u30ad\u30a2\u306e\u9244\u9053\u306f\u3001\u56fd\u5185\u5916\u306e\u79fb\u52d5\u306b\u91cd\u8981\u306a\u5f79\u5272\u3092\u679c\u305f\u3057\u3066\u3044\u307e\u3059\u3002\u4e3b\u8981\u306a\u9244\u9053\u7db2\u306f\u3001\u30b9\u30ed\u30d0\u30ad\u30a2\u56fd\u9244\uff08\u017delezni\u010dn\u00e1 spolo\u010dnos\u0165 Slovensko, \u017dSSK\uff09\u304c\u904b\u55b6\u3057\u3001\u7279\u306b\u9996\u90fd\u30d6\u30e9\u30c1\u30b9\u30e9\u30d0\u3068\u4e3b\u8981\u90fd\u5e02\u3092\u7d50\u3076\u8def\u7dda\u304c\u767a\u9054\u3057\u3066\u3044\u307e\u3059\u3002\u56fd\u969b\u5217\u8eca\u3082\u8c4a\u5bcc\u3067\u3001\u30aa\u30fc\u30b9\u30c8\u30ea\u30a2\u3001\u30cf\u30f3\u30ac\u30ea\u30fc\u3001\u30c1\u30a7\u30b3\u306a\u3069\u8fd1\u96a3\u8af8\u56fd\u3068\u7e4b\u304c\u3063\u3066\u3044\u307e\u3059\u3002\u8eca\u4e21\u306f\u8fd1\u5e74\u30e2\u30c0\u30f3\u5316\u304c\u9032\u3093\u3067\u304a\u308a\u3001\u5730\u57df\u8f38\u9001\u3068\u9577\u8ddd\u96e2\u8f38\u9001\u306e\u4e21\u65b9\u306b\u5bfe\u5fdc\u3057\u3066\u3044\u307e\u3059\u3002\u89b3\u5149\u5ba2\u306b\u3082\u4eba\u6c17\u306e\u30c8\u30ec\u30a4\u30f3\u30eb\u30fc\u30c8\u304c\u3044\u304f\u3064\u304b\u3042\u308a\u307e\u3059\u3002<\/p>\n\n\n\n<h2 class=\"wp-block-heading has-indigo-color has-watery-green-background-color has-text-color has-background has-link-color wp-elements-4d50f99799f40eed3b75731bcc1c3b49\">\u30b9\u30ed\u30d0\u30ad\u30a2\u56fd\u9244\u3000ZSSK<\/h2>\n\n\n\n<h3 class=\"wp-block-heading has-white-color has-indigo-background-color has-text-color has-background has-link-color wp-elements-1d6302593878d6cd6a7bcf47ebc487eb\">\u30b9\u30ed\u30d0\u30ad\u30a2\u56fd\u9244\u306e\u5217\u8eca<\/h3>\n\n\n\n<h4 class=\"wp-block-heading\">\u30b9\u30fc\u30d1\u30fc\u30b7\u30c6\u30a3\u30fc\u3000SuperCity\uff08SC)<\/h4>\n\n\n\n<p>\u30c1\u30a7\u30b3\u306e\u30d7\u30e9\u30cf\u3068\u30b3\u30b7\u30c1\u30a7\u3092\u7d50\u3076\u30c1\u30a7\u30b3\u9244\u9053\u306e\u9ad8\u901f\u5217\u8eca\u3002\u5168\u5e2d\u6307\u5b9a<\/p>\n\n\n\n<h4 class=\"wp-block-heading\">\u30a4\u30f3\u30bf\u30fc\u30b7\u30c6\u30a3\u30fc \u3000InterCity\uff08IC\uff09<\/h4>\n\n\n\n<p>\u30d6\u30e9\u30c1\u30b9\u30e9\u30d0\u3068\u30b3\u30b7\u30c1\u30a7\u3092\u7d50\u3076\u30b9\u30ed\u30d0\u30ad\u30a2\u56fd\u9244\u306e\u90fd\u5e02\u9593\u7279\u6025\u5217\u8eca\u3067\u5168\u5e2d\u6307\u5b9a\u3002<\/p>\n\n\n\n<h4 class=\"wp-block-heading\">\u30a8\u30ad\u30b9\u30d7\u30ec\u30b9\u3000Express<\/h4>\n\n\n\n<p>\u6025\u884c\u5217\u8eca\u30021\u7b49\u306f\u5168\u5e2d\u6307\u5b9a\u3002<\/p>\n\n\n\n<h4 class=\"wp-block-heading\">\u30ea\u30b7\u30ea\u30fc\u30af\u3000Rychilik\uff08R\uff09<\/h4>\n\n\n\n<p>\u30b9\u30ed\u30d0\u30ad\u30a2\u56fd\u9244\u306e\u90fd\u5e02\u9593\u6025\u884c\u5217\u8eca\u30022\u7b49\u306f\u4efb\u610f\u4e88\u7d04\u5236\u30021\u7b49\u306f\u5168\u5e2d\u6307\u5b9a\u3002<\/p>\n\n\n\n<h4 class=\"wp-block-heading\">\u30ea\u30fc\u30b8\u30e7\u30ca\u30eb\u30ea\u30b7\u30ea\u30fc\u30af\u3000Regionalny Rychilik\uff08RR\uff09<\/h4>\n\n\n\n<p>\u30b9\u30ed\u30d0\u30ad\u30a2\u56fd\u9244\u306e\u5730\u65b9\u6025\u884c\u5217\u8eca\u30022\u7b49\u306f\u4efb\u610f\u4e88\u7d04\u5236\u30021\u7b49\u306f\u5168\u5e2d\u6307\u5b9a\u3002<\/p>\n\n\n\n<h4 class=\"wp-block-heading\">\u30ec\u30c3\u30af\u30b9\u3000\u5feb\u901f\u5217\u8eca\u3000REX<\/h4>\n\n\n\n<p>\u30b9\u30ed\u30d0\u30ad\u30a2\u56fd\u9244\u306e\u5feb\u901f\u5217\u8eca\u3002\u4e88\u7d04\u306f\u4e0d\u53ef\u3002<\/p>\n\n\n\n<h4 class=\"wp-block-heading\">\u30aa\u30bd\u30d6\u30cb\u30fc\u30d6\u30e9\u30af\u3000\u666e\u901a\u5217\u8eca\u3000\u3000Osobny Vlak(Os)<\/h4>\n\n\n\n<p>\u30b9\u30ed\u30d0\u30ad\u30a2\u56fd\u9244\u306e\u666e\u901a\u5217\u8eca\u3002\u4e88\u7d04\u306f\u4e0d\u53ef\u3002<\/p>\n\n\n\n<h3 class=\"wp-block-heading has-white-color has-indigo-background-color has-text-color has-background has-link-color wp-elements-b21071b4207e3c65dac2ddf8d0377302\">\u30ec\u30ae\u30aa\u30b8\u30a7\u30c3\u30c8\u3000RegioJet<\/h3>\n\n\n\n<p>\u30c1\u30a7\u30b3\u306e\u6c11\u9593\u9244\u9053\u4f1a\u793e\u30021\u7b49\u306f\u5168\u5e2d\u6307\u5b9a\u3002<\/p>\n\n\n\n<h3 class=\"wp-block-heading has-white-color has-indigo-background-color has-text-color has-background has-link-color wp-elements-4854275ffd54fa584f51a47b1b60a544\">\u30ec\u30aa\u30a8\u30ad\u30b9\u30d7\u30ec\u30b9\u3000LEO Express<\/h3>\n\n\n\n<p>\u30c1\u30a7\u30b3\u306e\u6c11\u9593\u9244\u9053\u4f1a\u793e\u30021\u7b49\u306f\u5168\u5e2d\u6307\u5b9a\u3002<\/p>\n\n\n\n<h3 class=\"wp-block-heading has-white-color has-indigo-background-color has-text-color has-background has-link-color wp-elements-a8e97aeb025c4bc29c9944348a9d1df1\">\u30ec\u30a4\u30eb\u30b8\u30a7\u30c3\u30c8\u30fb\u30ec\u30a4\u30eb\u30b8\u30a7\u30c3\u30c8\u30a8\u30ad\u30b9\u30d7\u30ec\u30b9\u3000 RailJet\u30fbRailjet Express<\/h3>\n\n\n\n<p>\u30aa\u30fc\u30b9\u30c8\u30ea\u30a2\u56fd\u9244\u306e\u9ad8\u901f\u5217\u8eca\u3002\u30b9\u30ed\u30d0\u30ad\u30a2\u56fd\u5185\u533a\u9593\u306f1\u7b49\u304a\u3088\u3073\u30d3\u30b8\u30cd\u30b9\u30af\u30e9\u30b9\u306f\u5168\u5e2d\u6307\u5b9a\u3002<\/p>\n\n\n\n<h2 class=\"wp-block-heading has-indigo-color has-watery-green-background-color has-text-color has-background has-link-color wp-elements-4380f48726b4547855c028e63cb3667d\">\u30e6\u30fc\u30ec\u30a4\u30eb\u30d1\u30b9<\/h2>\n\n\n\n<h4 class=\"wp-block-heading\">\u9069\u7528\u7bc4\u56f2\u3068\u7279\u5178<\/h4>\n\n\n\n<p>\u30e6\u30fc\u30ec\u30a4\u30eb\u30b0\u30ed\u30fc\u30d0\u30eb\u30d1\u30b9\u304a\u3088\u3073\u3001\u30e6\u30fc\u30ec\u30a4\u30eb\u30b9\u30ed\u30d0\u30ad\u30a2\u30d1\u30b9\u4fdd\u6301\u8005\u306f\u4e0a\u8a18\u306e\u30b9\u30ed\u30d0\u30ad\u30a2\u56fd\u9244\u306e\u3059\u3079\u3066\u306e\u5217\u8eca\u306e\u56fd\u5185\u90e8\u5206\u306f\u3059\u3079\u3066\u6709\u52b9\u3068\u306a\u308a\u307e\u3059\u3002SC\u3001IC\u3001\u30ec\u30ae\u30aa\u30b8\u30a7\u30c3\u30c8\uff081\u7b49\uff09\u3001\u30ec\u30aa\u30a8\u30ad\u30b9\u30d7\u30ec\u30b9\uff081\u7b49\uff09\u3001\u30ec\u30a4\u30eb\u30b8\u30a7\u30c3\u30c8\uff081\u7b49\u30fb\u30d3\u30b8\u30cd\u30b9\uff09\u306b\u4e57\u8eca\u3059\u308b\u969b\u306f\u3001\u30d1\u30b9\u306e\u307b\u304b\u306b\u5ea7\u5e2d\u6307\u5b9a\u5238\u304c\u5fc5\u8981\u306b\u306a\u308a\u307e\u3059\u3002<\/p>\n\n\n\n<h2 class=\"wp-block-heading has-indigo-color has-watery-green-background-color has-text-color has-background has-link-color wp-elements-379a176d04a760dd225b5f254081a0d8\">\u30e6\u30fc\u30b9\u30d5\u30eb\u30ea\u30f3\u30af<\/h2>\n\n\n\n<div class=\"wp-block-buttons is-layout-flex wp-block-buttons-is-layout-flex\">\n<div class=\"wp-block-button is-style-outline is-style-outline--1\"><a class=\"wp-block-button__link has-watery-green-background-color has-background wp-element-button\" href=\"https:\/\/tabi-station.com\/eurail\/?page_id=271\" style=\"border-radius:100px\">\u30e8\u30fc\u30ed\u30c3\u30d1\u306e\u9244\u9053<\/a><\/div>\n\n\n\n<div class=\"wp-block-button is-style-outline is-style-outline--2\"><a class=\"wp-block-button__link has-watery-green-background-color has-background wp-element-button\" style=\"border-radius:100px\">\u30b9\u30ed\u30d0\u30ad\u30a2\u306e\u81ea\u7531\u65c5\u884c\u60c5\u5831<\/a><\/div>\n\n\n\n<div class=\"wp-block-button is-style-outline is-style-outline--3\"><a class=\"wp-block-button__link has-watery-green-background-color has-background wp-element-button\" style=\"border-radius:100px\">\u30d6\u30e9\u30c1\u30b9\u30e9\u30d0\u306e\u81ea\u7531\u65c5\u884c\u60c5\u5831<\/a><\/div>\n<\/div>\n","protected":false},"excerpt":{"rendered":"<p>\u30b9\u30ed\u30d0\u30ad\u30a2\u306e\u9244\u9053\u306f\u3001\u56fd\u5185\u5916\u306e\u79fb\u52d5\u306b\u91cd\u8981\u306a\u5f79\u5272\u3092\u679c\u305f\u3057\u3066\u3044\u307e\u3059\u3002\u4e3b\u8981\u306a\u9244\u9053\u7db2\u306f\u3001\u30b9\u30ed\u30d0\u30ad\u30a2\u56fd\u9244\uff08\u017delezni\u010dn\u00e1 spolo\u010dnos\u0165 Slovensko, \u017dSSK\uff09\u304c\u904b\u55b6\u3057\u3001\u7279\u306b\u9996\u90fd\u30d6\u30e9\u30c1\u30b9\u30e9\u30d0\u3068\u4e3b\u8981\u90fd\u5e02\u3092\u7d50\u3076\u8def\u7dda &hellip; <a href=\"https:\/\/tabi-station.com\/eurail\/?page_id=6838\" class=\"more-link\">\u7d9a\u304d\u3092\u8aad\u3080 <span class=\"screen-reader-text\">\u30b9\u30ed\u30d0\u30ad\u30a2\u306e\u9244\u9053<\/span> <span class=\"meta-nav\">&rarr;<\/span><\/a><\/p>\n","protected":false},"author":1,"featured_media":0,"parent":271,"menu_order":0,"comment_status":"closed","ping_status":"closed","template":"","meta":{"footnotes":""},"class_list":["post-6838","page","type-page","status-publish","hentry"],"_links":{"self":[{"href":"https:\/\/tabi-station.com\/eurail\/index.php?rest_route=\/wp\/v2\/pages\/6838","targetHints":{"allow":["GET"]}}],"collection":[{"href":"https:\/\/tabi-station.com\/eurail\/index.php?rest_route=\/wp\/v2\/pages"}],"about":[{"href":"https:\/\/tabi-station.com\/eurail\/index.php?rest_route=\/wp\/v2\/types\/page"}],"author":[{"embeddable":true,"href":"https:\/\/tabi-station.com\/eurail\/index.php?rest_route=\/wp\/v2\/users\/1"}],"replies":[{"embeddable":true,"href":"https:\/\/tabi-station.com\/eurail\/index.php?rest_route=%2Fwp%2Fv2%2Fcomments&post=6838"}],"version-history":[{"count":5,"href":"https:\/\/tabi-station.com\/eurail\/index.php?rest_route=\/wp\/v2\/pages\/6838\/revisions"}],"predecessor-version":[{"id":6848,"href":"https:\/\/tabi-station.com\/eurail\/index.php?rest_route=\/wp\/v2\/pages\/6838\/revisions\/6848"}],"up":[{"embeddable":true,"href":"https:\/\/tabi-station.com\/eurail\/index.php?rest_route=\/wp\/v2\/pages\/271"}],"wp:attachment":[{"href":"https:\/\/tabi-station.com\/eurail\/index.php?rest_route=%2Fwp%2Fv2%2Fmedia&parent=6838"}],"curies":[{"name":"wp","href":"https:\/\/api.w.org\/{rel}","templated":true}]}}