{"id":278,"date":"2022-05-30T12:55:39","date_gmt":"2022-05-30T03:55:39","guid":{"rendered":"https:\/\/tabi-station.com\/eurail\/?page_id=278"},"modified":"2025-12-20T11:20:44","modified_gmt":"2025-12-20T02:20:44","slug":"tgv","status":"publish","type":"page","link":"https:\/\/tabi-station.com\/eurail\/?page_id=278","title":{"rendered":"\u30d5\u30e9\u30f3\u30b9\u306e\u9244\u9053\u3000French Railway"},"content":{"rendered":"\n<h1 class=\"wp-block-heading has-text-align-center has-white-color has-cyan-bluish-gray-background-color has-text-color has-background\">\u30d5\u30e9\u30f3\u30b9\u306e\u9244\u9053\u81ea\u7531\u65c5\u884c\u60c5\u5831<\/h1>\n\n\n\n<p>\u30d5\u30e9\u30f3\u30b9\u306f\u30d5\u30e9\u30f3\u30b9\u56fd\u9244\uff08SNCF)\u304c\u5168\u8def\u7dda\u3092\u904b\u822a\u3057\u3066\u308b\u3002\u683c\u5b89\u306eTGV\uff08Ouigo\uff09\u3082\u30d5\u30e9\u30f3\u30b9\u56fd\u9244\u304c\u904b\u884c\u3057\u3066\u3044\u307e\u3059\u304c\u3001\u30e6\u30fc\u30ec\u30a4\u30eb\u30d5\u30e9\u30f3\u30b9\u30d1\u30b9\u3001\u30e6\u30fc\u30ec\u30a4\u30eb\u30b0\u30ed\u30fc\u30d0\u30eb\u30d1\u30b9\u3092\u4fdd\u6709\u3057\u3066\u3044\u3066\u3082\u3001\u4e57\u308c\u307e\u305b\u3093\u3002\u307e\u305f\u3001\u9ad8\u901f\u5217\u8eca\u306f\u3059\u3079\u3066\u5168\u5e2d\u6307\u5b9a\u3068\u306a\u3063\u3066\u304a\u308a\u3001\u30d1\u30b9\u3092\u6301\u3063\u3066\u3044\u3066\u3082\u5ea7\u5e2d\u6307\u5b9a\u5238\u304c\u306a\u3044\u3068\u4e57\u8eca\u3067\u304d\u307e\u305b\u3093\u3002<\/p>\n\n\n\n<h2 class=\"wp-block-heading has-text-align-center has-white-color has-black-background-color has-text-color has-background has-link-color wp-elements-1aeccc88a045a4e8d2efe112917d4547\">\u30d5\u30e9\u30f3\u30b9\u306e\u9244\u9053\u4f1a\u793e\u3068\u8eca\u4e21<\/h2>\n\n\n\n<h3 class=\"wp-block-heading has-text-align-center has-black-color has-text-color has-background\" style=\"background-color:#c4c5c5\">\u30d5\u30e9\u30f3\u30b9\u56fd\u9244\uff08SNCF\uff09<\/h3>\n\n\n\n<div class=\"wp-block-media-text is-stacked-on-mobile\"><figure class=\"wp-block-media-text__media\"><img loading=\"lazy\" decoding=\"async\" width=\"1024\" height=\"680\" src=\"https:\/\/tabi-station.com\/eurail\/wp-content\/uploads\/2025\/03\/0000772-1-1024x680.jpg\" alt=\"\" class=\"wp-image-8082 size-full\" srcset=\"https:\/\/tabi-station.com\/eurail\/wp-content\/uploads\/2025\/03\/0000772-1-1024x680.jpg 1024w, https:\/\/tabi-station.com\/eurail\/wp-content\/uploads\/2025\/03\/0000772-1-300x199.jpg 300w, https:\/\/tabi-station.com\/eurail\/wp-content\/uploads\/2025\/03\/0000772-1-768x510.jpg 768w, https:\/\/tabi-station.com\/eurail\/wp-content\/uploads\/2025\/03\/0000772-1-936x622.jpg 936w, https:\/\/tabi-station.com\/eurail\/wp-content\/uploads\/2025\/03\/0000772-1.jpg 1200w\" sizes=\"auto, (max-width: 1024px) 100vw, 1024px\" \/><\/figure><div class=\"wp-block-media-text__content\">\n<p>\u30d5\u30e9\u30f3\u30b9\u56fd\u9244\uff08SNCF, Soci\u00e9t\u00e9 Nationale des Chemins de fer Fran\u00e7ais\uff09\u306f\u30011938\u5e74\u306b\u8a2d\u7acb\u3055\u308c\u305f\u30d5\u30e9\u30f3\u30b9\u306e\u56fd\u6709\u9244\u9053\u4f1a\u793e\u3067\u3001\u65c5\u5ba2\u30fb\u8ca8\u7269\u8f38\u9001\u3092\u62c5\u3046\u56fd\u5185\u6700\u5927\u306e\u9244\u9053\u4e8b\u696d\u8005\u3067\u3059\u3002SNCF\u306f\u56fd\u5185\u5916\u306e\u9244\u9053\u8def\u7dda\u3092\u904b\u55b6\u3057\u3001\u9ad8\u901f\u9244\u9053TGV\uff08Train \u00e0 Grande Vitesse\uff09\u3092\u306f\u3058\u3081\u3001\u5728\u6765\u7dda\u3084\u8fd1\u90ca\u9244\u9053\uff08TER, Transilien\uff09\u306a\u3069\u591a\u69d8\u306a\u30b5\u30fc\u30d3\u30b9\u3092\u63d0\u4f9b\u3057\u3066\u3044\u307e\u3059\u3002\u8fd1\u5e74\u3067\u306f\u9244\u9053\u5e02\u5834\u306e\u81ea\u7531\u5316\u306b\u4f34\u3044\u3001\u7af6\u4e89\u304c\u6fc0\u5316\u3057\u3066\u304a\u308a\u3001SNCF\u3082\u904b\u884c\u52b9\u7387\u306e\u5411\u4e0a\u3084\u30c7\u30b8\u30bf\u30eb\u6280\u8853\u306e\u5c0e\u5165\u3092\u9032\u3081\u3066\u3044\u307e\u3059\u3002<\/p>\n\n\n\n<div class=\"wp-block-buttons is-layout-flex wp-block-buttons-is-layout-flex\">\n<div class=\"wp-block-button has-custom-width wp-block-button__width-100 is-style-outline is-style-outline--1\"><a class=\"wp-block-button__link has-green-color has-light-gray-background-color has-text-color has-background has-link-color has-medium-font-size has-custom-font-size wp-element-button\" href=\"https:\/\/tabi-station.com\/eurail\/?page_id=8071\">\u30d5\u30e9\u30f3\u30b9\u56fd\u9244\uff08SNCF\uff09\u306e\u8a73\u7d30<\/a><\/div>\n<\/div>\n<\/div><\/div>\n\n\n\n<h2 class=\"wp-block-heading has-text-align-center has-white-color has-black-background-color has-text-color has-background has-link-color wp-elements-5ec0814f27f5afd2fc4baa69f59f5466\">\u30d5\u30e9\u30f3\u30b9\u306e\u9244\u9053\u30d1\u30b9\u3068\u533a\u9593\u4e57\u8eca\u5238<\/h2>\n\n\n\n<h3 class=\"wp-block-heading has-text-align-center has-white-color has-cyan-bluish-gray-background-color has-text-color has-background has-link-color wp-elements-d8040c634c9ad41c758a99a93492d9c5\">\u30e6\u30fc\u30ec\u30a4\u30eb\u30d5\u30e9\u30f3\u30b9\u30d1\u30b9<\/h3>\n\n\n\n<p>\u30d5\u30e9\u30f3\u30b9\u306e\u307f\u306b\u6709\u52b9\u306a\u30e6\u30fc\u30ec\u30a4\u30eb\u30d1\u30b9\u30023\u6b73\u672a\u6e80\u306e\u5b50\u4f9b\u306f\u30c1\u30b1\u30c3\u30c8\u306a\u3057\u3067\u7121\u6599\u30024\uff5e11\u6b73\u306e\u5b50\u4f9b\u306f\u5b50\u4f9b\u30d1\u30b9\u3092\u7121\u6599\u3067\u767a\u884c\u3057\u3066\u3082\u3089\u3048\u308b\u3002\u305f\u3060\u3057\u3001\u5ea7\u5e2d\u6307\u5b9a\u5238\u306f\u6709\u6599\u300260\u6b73\u4ee5\u4e0a\u306e\u30b7\u30cb\u30a2\u5272\u5f15\u300112\u6b73\uff5e27\u6b73\u306e\u30e6\u30fc\u30b9\u5272\u5f15\u304c\u3042\u308b\u3002\u901a\u7528\u65e5\u306f\u3001\u3059\u3079\u3066\u30d5\u30ec\u30ad\u30b7\u30fc\u3067\u30011\u304b\u6708\u306e\u6709\u52b9\u671f\u9593\u5185\u306e\u4efb\u610f\u306e1\u65e5\u30012\u65e5\u30013\u65e5\u30014\u65e5\u30015\u65e5\u30016\u65e5\u30017\u65e5\u30018\u65e5\u306e\u5229\u7528\u65e5\u3092\u9078\u3079\u308b\uff08\u5fc5\u305a\u3057\u3082\u9023\u7d9a\u3057\u3066\u3044\u306a\u304f\u3066\u3088\u3044\u3002\uff09<\/p>\n\n\n\n<div class=\"wp-block-buttons is-layout-flex wp-block-buttons-is-layout-flex\">\n<div class=\"wp-block-button has-custom-width wp-block-button__width-100 is-style-outline is-style-outline--2\"><a class=\"wp-block-button__link has-green-color has-light-gray-background-color has-text-color has-background has-link-color has-medium-font-size has-custom-font-size wp-element-button\" href=\"https:\/\/tabi-station.com\/eurail\/?page_id=87\">\u30e6\u30fc\u30ec\u30a4\u30eb\u30d5\u30e9\u30f3\u30b9\u30d1\u30b9\u3092\u4e16\u754c\u6700\u5b89\u5024\u3067\u8cfc\u5165<\/a><\/div>\n<\/div>\n\n\n\n<h3 class=\"wp-block-heading has-text-align-center has-white-color has-cyan-bluish-gray-background-color has-text-color has-background has-link-color wp-elements-4499c31e536ac8ad93d6357b866b2464\">\u30e6\u30fc\u30ec\u30a4\u30eb\u30b0\u30ed\u30fc\u30d0\u30eb\u30d1\u30b9<\/h3>\n\n\n\n<p>\u30d5\u30e9\u30f3\u30b9\u3092\u542b\u3080\u30e8\u30fc\u30ed\u30c3\u30d133\u56fd\u306b\u6709\u52b9\u306a<a href=\"https:\/\/tabi-station.com\/eurail\/?page_id=323\">\u30e6\u30fc\u30ec\u30a4\u30eb\u30d1\u30b9<\/a>\u30023\u6b73\u672a\u6e80\u306e\u5b50\u4f9b\u306f\u30c1\u30b1\u30c3\u30c8\u306a\u3057\u3067\u7121\u6599\u30024\uff5e11\u6b73\u306e\u5b50\u4f9b\u306f\u5b50\u4f9b\u30d1\u30b9\u3092\u7121\u6599\u3067\u767a\u884c\u3057\u3066\u3082\u3089\u3048\u308b\u3002\u305f\u3060\u3057\u3001\u5ea7\u5e2d\u6307\u5b9a\u5238\u306f\u6709\u6599\u300260\u6b73\u4ee5\u4e0a\u306e\u30b7\u30cb\u30a2\u5272\u5f15\u300112\u6b73\uff5e27\u6b73\u306e\u30e6\u30fc\u30b9\u5272\u5f15\u304c\u3042\u308b\u3002\u901a\u7528\u65e5\u306f\u300115\u65e5\u300122\u65e5\u30011\u304b\u6708\u30012\u304b\u6708\u30013\u304b\u6708\u306e\u9023\u7d9a\u4f7f\u7528\u30d1\u30b9\u3068\u30011\u304b\u6708\u306e\u6709\u52b9\u671f\u9593\u5185\u306e\u4efb\u610f\u306e4\u65e5\u30015\u65e5\u30017\u65e5\u30012\u304b\u6708\u306e\u6709\u52b9\u671f\u9593\u5185\u306e\u4efb\u610f\u306e10\u65e5\u300115\u65e5\u5229\u7528\u65e5\u3092\u9078\u3079\u308b\uff08\u5fc5\u305a\u3057\u3082\u9023\u7d9a\u3057\u3066\u3044\u306a\u304f\u3066\u3088\u3044\u3002\uff09\u30d5\u30ec\u30ad\u30b7\u30fc\u30d1\u30b9\u304c\u3042\u308b\u3002<\/p>\n\n\n\n<div class=\"wp-block-buttons is-layout-flex wp-block-buttons-is-layout-flex\">\n<div class=\"wp-block-button has-custom-width wp-block-button__width-75 is-style-outline is-style-outline--3\"><a class=\"wp-block-button__link has-green-color has-light-gray-background-color has-text-color has-background has-link-color has-medium-font-size has-custom-font-size wp-element-button\" href=\"https:\/\/tabi-station.com\/eurail\/?page_id=323\">\u30e6\u30fc\u30ec\u30a4\u30eb\u30b0\u30ed\u30fc\u30d0\u30eb\u30d1\u30b9\u3092\u4e16\u754c\u6700\u5b89\u5024\u3067\u8cfc\u5165<\/a><\/div>\n<\/div>\n\n\n\n<p><\/p>\n\n\n\n<h3 class=\"wp-block-heading has-text-align-center has-white-color has-cyan-bluish-gray-background-color has-text-color has-background has-link-color wp-elements-b8b50b397a1460ac8197abcf95bd893b\">\u30d5\u30e9\u30f3\u30b9\u306e\u533a\u9593\u4e57\u8eca\u5238<\/h3>\n\n\n\n<h4 class=\"wp-block-heading has-text-align-center has-background\" style=\"background-color:#cccccc\">\u30e6\u30fc\u30ec\u30a4\u30eb\u30d5\u30e9\u30f3\u30b9\u30d1\u30b9\u3068\u533a\u9593\u4e57\u8eca\u5238\u3092\u6bd4\u8f03\u3057\u3066\u307f\u308b<\/h4>\n\n\n\n<h5 class=\"wp-block-heading\">\u25a0\u3000\u30d1\u30ea\u21d2\u30cb\u30fc\u30b9\u21d2\u30de\u30eb\u30bb\u30a4\u30e6\u21d2\u30ea\u30e8\u30f3\u21d2\u30d1\u30ea<\/h5>\n\n\n\n<p>\u30e6\u30fc\u30ec\u30a4\u30eb\u30d5\u30e9\u30f3\u30b9\u30d1\u30b9\u30b7\u30cb\u30a21\u7b495\u65e5\u9593\/1\u304b\u6708\u3000223\u30e6\u30fc\u30ed\u3001\u5ea7\u5e2d\u6307\u5b9a\u523810+10+10+10=40\u30e6\u30fc\u30ed\u3001\u5408\u8a08263\u30e6\u30fc\u30ed\u3002<\/p>\n\n\n\n<p>\u533a\u9593\u4e57\u8eca\u5238\u306e\u5834\u5408\u3001\u30bb\u30df\u30d5\u30ec\u30c3\u30af\u30b9\u4e57\u8eca\u523869+62+45(\u30d5\u30a3\u30ec\u30c3\u30c1\u30e3\u30ed\u30c3\u30b5\uff09+50=226\u30e6\u30fc\u30ed\u3068\u533a\u9593\u4e57\u8eca\u5238\u306e\u65b9\u304c\u5b89\u3044\u3002<\/p>\n\n\n\n<div class=\"wp-block-buttons is-layout-flex wp-block-buttons-is-layout-flex\">\n<div class=\"wp-block-button has-custom-width wp-block-button__width-75 is-style-outline is-style-outline--4\"><a class=\"wp-block-button__link has-green-color has-light-gray-background-color has-text-color has-background has-link-color has-medium-font-size has-custom-font-size wp-element-button\" href=\"https:\/\/tabi-station.com\/eurail\/?page_id=278\" target=\"_blank\" rel=\" noreferrer noopener nofollow\">\u30e6\u30fc\u30ec\u30a4\u30eb\u30d5\u30e9\u30f3\u30b9\u30d1\u30b9\u3068\u30d5\u30e9\u30f3\u30b9\u533a\u9593\u4e57\u8eca\u5238\u3092\u6bd4\u8f03\u3057\u3066\u898b\u7a4d\u3092\u4f9d\u983c\u3059\u308b<\/a><\/div>\n<\/div>\n\n\n\n<h2 class=\"wp-block-heading has-text-align-center has-white-color has-black-background-color has-text-color has-background\">\u30e6\u30fc\u30ec\u30a4\u30eb\u30d1\u30b9\u306e\u9069\u7528\u7bc4\u56f2\u3068\u7279\u5178<\/h2>\n\n\n\n<h3 class=\"wp-block-heading has-text-align-center has-white-color has-cyan-bluish-gray-background-color has-text-color has-background has-link-color wp-elements-3804b5fb1a66684261c8b58692808243\">\u30e6\u30fc\u30ec\u30a4\u30eb\u30d1\u30b9\u306e\u9069\u7528\u7bc4\u56f2\u3068\u4e88\u7d04\u5fc5\u9808\u5217\u8eca<\/h3>\n\n\n\n<figure class=\"wp-block-image size-large\"><a href=\"https:\/\/tabi-station.com\/eurail\/wp-content\/uploads\/2025\/03\/image-1.png\"><img loading=\"lazy\" decoding=\"async\" width=\"1015\" height=\"1024\" src=\"https:\/\/tabi-station.com\/eurail\/wp-content\/uploads\/2025\/03\/image-1-1015x1024.png\" alt=\"\" class=\"wp-image-8115\" srcset=\"https:\/\/tabi-station.com\/eurail\/wp-content\/uploads\/2025\/03\/image-1-1015x1024.png 1015w, https:\/\/tabi-station.com\/eurail\/wp-content\/uploads\/2025\/03\/image-1-100x100.png 100w, https:\/\/tabi-station.com\/eurail\/wp-content\/uploads\/2025\/03\/image-1-300x303.png 300w, https:\/\/tabi-station.com\/eurail\/wp-content\/uploads\/2025\/03\/image-1-297x300.png 297w, https:\/\/tabi-station.com\/eurail\/wp-content\/uploads\/2025\/03\/image-1-150x150.png 150w, https:\/\/tabi-station.com\/eurail\/wp-content\/uploads\/2025\/03\/image-1-768x775.png 768w, https:\/\/tabi-station.com\/eurail\/wp-content\/uploads\/2025\/03\/image-1-1292x1304.png 1292w, https:\/\/tabi-station.com\/eurail\/wp-content\/uploads\/2025\/03\/image-1-936x945.png 936w, https:\/\/tabi-station.com\/eurail\/wp-content\/uploads\/2025\/03\/image-1.png 1508w\" sizes=\"auto, (max-width: 1015px) 100vw, 1015px\" \/><\/a><\/figure>\n\n\n\n<p>\u203bD\u306f\u56fd\u5185\u90e8\u5206\u306e\u307f\u5229\u7528\u53ef\u3002<\/p>\n\n\n\n<h3 class=\"wp-block-heading has-text-align-center has-white-color has-cyan-bluish-gray-background-color has-text-color has-background has-link-color wp-elements-41598350c5fc9c5956a1d81c106e3c80\">\u30d1\u30b9\u30db\u30eb\u30c0\u30fc\u306e\u5ea7\u5e2d\u6307\u5b9a\u5238<\/h3>\n\n\n\n<p><a href=\"https:\/\/tabi-station.com\/eurail\/?page_id=323\">\u30e6\u30fc\u30ec\u30a4\u30eb\u30d1\u30b9<\/a>\u3092\u4fdd\u6301\u3057\u3066\u3044\u3066\u3082\u3001\u30d5\u30e9\u30f3\u30b9\u306eTGV\u306f\u56fd\u969b\u7dda\u3001\u56fd\u5185\u7dda\u3068\u3082\u306b\u4e88\u7d04\u304c\u5fc5\u9808\u3068\u306a\u308b\u3002\u30d1\u30b9\u30db\u30eb\u30c0\u30fc\u5ea7\u5e2d\u6307\u5b9a\u5238\u306f10\u30e6\u30fc\u30ed\u306e\u6709\u6599\u3067\u30016\u304b\u6708\u524d\u304b\u3089\u4e88\u7d04\u304c\u3067\u304d\u308b\u3002\u5e2d\u6570\u304c\u9650\u3089\u308c\u3066\u3044\u308b\u306e\u30672\u304b\u6708\u4ee5\u4e0a\u524d\u306b\u4e88\u7d04\u3057\u3066\u304a\u304f\u5fc5\u8981\u304c\u3042\u308b\u3002\u30d1\u30b9\u30db\u30eb\u30c0\u30fc\u5e2d\u304c\u6e80\u5e2d\u3068\u306a\u308b\u3068\u300120\u30e6\u30fc\u30ed\u306e\u30a4\u30fc\u30b8\u30fc\u30a2\u30af\u30bb\u30b9\u5e2d\u3067\u4e88\u7d04\u3059\u308b\u3053\u3068\u304c\u3067\u304d\u308b\u304c\u3001\u305d\u308c\u3082\u6e80\u5e2d\u3068\u306a\u308b\u3068\u3001\u4e57\u8eca\u5238\u3092\u8cfc\u5165\u3057\u306a\u3044\u3068\u4e57\u308c\u306a\u304f\u306a\u308b\u3002<\/p>\n\n\n\n<h4 class=\"wp-block-heading has-text-align-center has-background\" style=\"background-color:#cbcbcb\">\u30d1\u30b9\u30db\u30eb\u30c0\u30fc\u5e2d\u306e\u4e88\u7d04\u65b9\u6cd5<\/h4>\n\n\n\n<p>\u30e6\u30fc\u30ec\u30a4\u30eb\u30d1\u30b9\u4fdd\u6709\u8005\u304c\u30d5\u30e9\u30f3\u30b9\u306eTGV\u3084IC\u306e\u4e88\u7d04\u3092\u3059\u308b\u306b\u306f\u3001\u30ec\u30a4\u30eb\u30d7\u30e9\u30f3\u30ca\u30fc\u30a2\u30d7\u30ea\u3084\u30e6\u30fc\u30ec\u30a4\u30eb\u516c\u5f0f\u30b5\u30a4\u30c8\u3067\u304a\u3053\u306a\u3044\u307e\u3059\u3001\u82f1\u8a9e\u30b5\u30a4\u30c8\u3067\u3001\u3044\u308d\u3044\u308d\u767b\u9332\u3057\u306a\u3051\u308c\u3070\u5229\u7528\u3067\u304d\u307e\u305b\u3093\u3002\u65e5\u672c\u8a9e\u3067\u4e88\u7d04\u3057\u305f\u3044\u4eba\u306f\u65c5\u30b9\u30c6\u30fc\u30b7\u30e7\u30f3\u3067\u3001\u5b9f\u8cbb\u306e\u4ed6\u306b\u30011\u533a\u9593\u76ee\u304c1,100\u5186\u30012\u533a\u9593\u76ee\u4ee5\u964d550\u5186\u306e\u50c5\u304b\u306a\u624b\u6570\u6599\u3067\u4e88\u7d04\u304c\u3067\u304d\u307e\u3059\u3002\u65e5\u672c\u3078\u5e30\u3063\u3066\u304f\u308b\u307e\u3067\u306e\u65e5\u672c\u8a9e\u30b5\u30dd\u30fc\u30c8\u304c\u4ed8\u3044\u3066\u3044\u308b\u306e\u3067\u5b89\u5fc3\u3067\u3059\u3002<\/p>\n\n\n\n<div class=\"wp-block-buttons is-layout-flex wp-block-buttons-is-layout-flex\">\n<div class=\"wp-block-button has-custom-width wp-block-button__width-100 is-style-outline is-style-outline--5\"><a class=\"wp-block-button__link has-green-color has-light-gray-background-color has-text-color has-background has-link-color has-medium-font-size has-custom-font-size wp-element-button\">\u65c5\u30b9\u30c6\u30fc\u30b7\u30e7\u30f3\u3067\u30d1\u30b9\u30db\u30eb\u30c0\u30fc\u30fb\u898b\u7a4d\u30fb\u4e88\u7d04\u3092\u3059\u308b<\/a><\/div>\n<\/div>\n\n\n\n<div class=\"wp-block-buttons is-layout-flex wp-block-buttons-is-layout-flex\">\n<div class=\"wp-block-button has-custom-width wp-block-button__width-100\"><a class=\"wp-block-button__link wp-element-button\" href=\"https:\/\/www.eurail.com\/ja\/book-reservations#\/\">\u30e6\u30fc\u30ec\u30a4\u30eb\u30c9\u30c3\u30c8\u30b3\u30e0\u4e88\u7d04\u3059\u308b<\/a><\/div>\n<\/div>\n\n\n\n<h3 class=\"wp-block-heading has-text-align-center has-white-color has-cyan-bluish-gray-background-color has-text-color has-background has-link-color wp-elements-6b55c062393078e173316f2dc4c6a85f\">\u30e6\u30fc\u30ec\u30a4\u30eb\u30d1\u30b9\u306e\u7279\u5178<\/h3>\n\n\n\n<h4 class=\"wp-block-heading has-text-align-center has-background\" style=\"background-color:#c9c9ca\">\u30d1\u30ea\u306e\u30b7\u30c6\u30a3\u30d1\u30b9\u3000Paris Passlib&#8217; 10%OFF<\/h4>\n\n\n\n<p>\u30d1\u30ea\u5e02\u89b3\u5149\u5c40\u306e\u767a\u884c\u3059\u308b\u30b7\u30c6\u30a3\u30fc\u30d1\u30b9\u309210%\u5272\u5f15\u3067\u8cfc\u5165\u3067\u304d\u308b\u3002<\/p>\n\n\n\n<div class=\"wp-block-buttons is-layout-flex wp-block-buttons-is-layout-flex\">\n<div class=\"wp-block-button has-custom-width wp-block-button__width-75 is-style-outline is-style-outline--6\"><a class=\"wp-block-button__link has-green-color has-light-gray-background-color has-text-color has-background has-medium-font-size has-custom-font-size wp-element-button\" href=\"https:\/\/parisjetaime.com\/eng\/tickets\" target=\"_blank\" rel=\"noreferrer noopener\">\u30d1\u30ea\u30b7\u30c6\u30a3\u30fc\u30d1\u30b9\u306b\u3064\u3044\u3066\u306e\u8a73\u3057\u3044\u60c5\u5831<\/a><\/div>\n<\/div>\n\n\n\n<h4 class=\"wp-block-heading has-text-align-center has-background\" style=\"background-color:#c3c6c6\">\u30d1\u30ea\u30fb\u30cb\u30fc\u30b9\u30fb\u30ea\u30fc\u30eb\u306e\u30db\u30b9\u30c6\u30eb\u3000Famous Hostel\u300020%OFF<\/h4>\n\n\n\n<p>\u30d1\u30ea\u3068\u30cb\u30fc\u30b9\u3068\u30ea\u30fc\u30eb\u306b\u3042\u308bFamous Hostel in Eurpe \u306e\u30db\u30b9\u30c6\u30eb\u304c20%\u5272\u5f15\u3067\u5229\u7528\u3067\u304d\u308b\u3002<\/p>\n\n\n\n<div class=\"wp-block-buttons is-layout-flex wp-block-buttons-is-layout-flex\">\n<div class=\"wp-block-button has-custom-width wp-block-button__width-75 is-style-outline is-style-outline--7\"><a class=\"wp-block-button__link has-green-color has-light-gray-background-color has-text-color has-background has-medium-font-size has-text-align-center has-custom-font-size wp-element-button\" href=\"https:\/\/www.famoushostels.com\/interrail-famous-hostels\/\" target=\"_blank\" rel=\"noreferrer noopener\">Famous Hostels in Europe \u5272\u5f15\u4e88\u7d04\u30b5\u30a4\u30c8<\/a><\/div>\n<\/div>\n\n\n\n<h4 class=\"wp-block-heading has-text-align-center has-background\" style=\"background-color:#c5c5c5\">\u30d1\u30ea\u30fb\u30cb\u30fc\u30b9\u306e\u30cf\u30fc\u30c9\u30ed\u30c3\u30af\u30ab\u30d5\u30a7\u3000Hard Rock Cafe 20%OFF<\/h4>\n\n\n\n<p><a href=\"https:\/\/benefitsportal.eurail.com\/benefits\/hard-rock-cafe-paris\/\" target=\"_blank\" rel=\"noreferrer noopener nofollow\">\u30d1\u30ea<\/a>\u3068<a href=\"https:\/\/benefitsportal.eurail.com\/benefits\/hard-rock-cafe-nice\/\" target=\"_blank\" rel=\"noreferrer noopener nofollow\">\u30cb\u30fc\u30b9<\/a>\u3042\u308bHard Rock Cafe \u304c20%\u5272\u5f15\u3067\u5229\u7528\u3067\u304d\u308b\u3002<\/p>\n\n\n\n<h4 class=\"wp-block-heading has-text-align-center has-background\" style=\"background-color:#c4c4c4\">\u30a8\u30a4\u30d3\u30b9\u30ec\u30f3\u30bf\u30fc\u3000Avis Car Rental 15%OFF<\/h4>\n\n\n\n<p>\u5404\u5730\u306e\u30a8\u30a4\u30d3\u30b9\u30ec\u30f3\u30bf\u30ab\u30fc\u304c15%\u5272\u5f15\u3067\u5229\u7528\u3067\u304d\u308b\u3002<\/p>\n\n\n\n<div class=\"wp-block-buttons is-layout-flex wp-block-buttons-is-layout-flex\">\n<div class=\"wp-block-button has-custom-width wp-block-button__width-100 is-style-outline is-style-outline--8\"><a class=\"wp-block-button__link has-green-color has-light-gray-background-color has-text-color has-background has-medium-font-size has-custom-font-size wp-element-button\" href=\"https:\/\/one.avisworld.com\/en_GB\/Avis-Eurail\/?open&amp;CID=20190912-eurail-001\" target=\"_blank\" rel=\"noreferrer noopener\">\u30a8\u30a4\u30d3\u30b9\u30ec\u30f3\u30bf\u30ab\u30fc\u30d1\u30b9\u30db\u30eb\u30c0\u30fc\u5272\u5f15\u4e88\u7d04\u30b5\u30a4\u30c8<\/a><\/div>\n<\/div>\n\n\n\n<h4 class=\"wp-block-heading has-text-align-center has-background\" style=\"background-color:#c8c8c8\">\u5317\u6d77\u30fb\u30d0\u30eb\u30c8\u6d77\u30fb\u30c9\u30fc\u30d0\u30fc\u30fb\u30a2\u30a4\u30ea\u30b7\u30e5\u6d77\u306e\u30d5\u30a7\u30ea\u30fc\u3000Stena Line 30%OFF<\/h4>\n\n\n\n<p>\u30a4\u30ae\u30ea\u30b9\u3068\u30a2\u30a4\u30eb\u30e9\u30f3\u30c9\u3001\u30d5\u30e9\u30f3\u30b9\u3001\u30aa\u30e9\u30f3\u30c0\u3001\u30c9\u30a4\u30c4\u3001\u30e9\u30c8\u30d3\u30a2\u3001\u30ce\u30eb\u30a6\u30a8\u30fc\u3001\u30b9\u30a6\u30a7\u30fc\u30c7\u30f3\u3092\u7d50\u3076\u30b9\u30c6\u30ca\u30e9\u30a4\u30f3\u306e\u30d5\u30a7\u30ea\u30fc\u304c30%\u5272\u5f15\u3067\u5229\u7528\u3067\u304d\u308b\u3002<\/p>\n\n\n\n<div class=\"wp-block-buttons is-layout-flex wp-block-buttons-is-layout-flex\">\n<div class=\"wp-block-button has-custom-width wp-block-button__width-100 is-style-outline is-style-outline--9\"><a class=\"wp-block-button__link has-green-color has-light-gray-background-color has-text-color has-background has-medium-font-size has-custom-font-size wp-element-button\" href=\"http:\/\/stenaline.co.uk\" target=\"_blank\" rel=\"noreferrer noopener\">\u30b9\u30c6\u30ca\u30e9\u30a4\u30f3\u306e\u5272\u5f15\u4e88\u7d04\u30b5\u30a4\u30c8<\/a><\/div>\n<\/div>\n\n\n\n<h4 class=\"wp-block-heading has-text-align-center has-background\" style=\"background-color:#c8c8c8\">\u30d1\u30ea\u30fb\u30cb\u30fc\u30b9\u306e\u73fe\u5730\u30c4\u30a2\u30fc\u3000SANDEMANs NEW Europe 20%OFF<\/h4>\n\n\n\n<p>\u30b5\u30f3\u30c7\u30de\u30f3\u306e\u30d1\u30ea\u3001\u30cb\u30fc\u30b9\u306e\u73fe\u5730\u30c4\u30a2\u30fc\u304c20%\u5272\u5f15\u3067\u5229\u7528\u3067\u304d\u308b\u3002<\/p>\n\n\n\n<div class=\"wp-block-buttons is-layout-flex wp-block-buttons-is-layout-flex\">\n<div class=\"wp-block-button has-custom-width wp-block-button__width-100 is-style-outline is-style-outline--10\"><a class=\"wp-block-button__link has-green-color has-light-gray-background-color has-text-color has-background has-medium-font-size has-custom-font-size wp-element-button\" href=\"https:\/\/www.neweuropetours.eu\/paris-walking-tours\/?date=21\/12\/2018&amp;tour=573\" target=\"_blank\" rel=\"noreferrer noopener\">\u30b5\u30f3\u30c7\u30de\u30f3\u30c4\u30a2\u30fc\u306e\u5272\u5f15\u4e88\u7d04\u30b5\u30a4\u30c8<\/a><\/div>\n<\/div>\n\n\n\n<h3 class=\"wp-block-heading has-text-align-center has-white-color has-cyan-bluish-gray-background-color has-text-color has-background\">\u30e6\u30fc\u30ec\u30a4\u30eb\u30a8\u30a4\u30c9\u30aa\u30d5\u30a3\u30fc\u30b9<\/h3>\n\n\n\n<h4 class=\"wp-block-heading has-text-align-center has-black-color has-text-color has-background\" style=\"background-color:#cccccc\">\u30d1\u30ea<\/h4>\n\n\n\n<p>\u30d1\u30ea\u306e\u30ea\u30e8\u30f3\u99c5\u524d\u306b\u30e6\u30fc\u30ec\u30a4\u30eb\u30a8\u30a4\u30c9\u30aa\u30d5\u30a3\u30fc\u30b9\u304c\u3042\u308a\u3001\u30d1\u30b9\u304c\u76d7\u96e3\u306b\u3042\u3063\u305f\u5834\u5408\u3084\u305d\u306e\u4ed6\u306e\u30c8\u30e9\u30d6\u30eb\u304c\u3042\u3063\u305f\u3068\u304d\u306b\u89e3\u6c7a\u306b\u3042\u305f\u3063\u3066\u304f\u308c\u308b\u3002<\/p>\n\n\n\n<p>12 Place Louis Armand hall 1 Tourl&#8217;Horloge,75012 Paris<\/p>\n\n\n\n<p>\u6708\u66dc\uff5e\u571f\u66dc\u300010:00\uff5e19:30<\/p>\n\n\n\n<p>&#x260e;+33-1-83 82 00 00<\/p>\n\n\n\n<iframe src=\"https:\/\/www.google.com\/maps\/embed?pb=!1m16!1m12!1m3!1d928.3256466298707!2d2.3721971512112017!3d48.84483332712582!2m3!1f0!2f0!3f0!3m2!1i1024!2i768!4f13.1!2m1!1s12%20Place%20Louis%20Armand%20hall%201%20Tourl%E2%80%99Horloge%2C75012%20Paris!5e0!3m2!1sja!2sjp!4v1682328026382!5m2!1sja!2sjp\" width=\"600\" height=\"450\" style=\"border:0;\" allowfullscreen=\"\" loading=\"lazy\" referrerpolicy=\"no-referrer-when-downgrade\"><\/iframe>\n","protected":false},"excerpt":{"rendered":"<p>\u30d5\u30e9\u30f3\u30b9\u306e\u9244\u9053\u81ea\u7531\u65c5\u884c\u60c5\u5831 \u30d5\u30e9\u30f3\u30b9\u306f\u30d5\u30e9\u30f3\u30b9\u56fd\u9244\uff08SNCF)\u304c\u5168\u8def\u7dda\u3092\u904b\u822a\u3057\u3066\u308b\u3002\u683c\u5b89\u306eTGV\uff08Ouigo\uff09\u3082\u30d5\u30e9\u30f3\u30b9\u56fd\u9244\u304c\u904b\u884c\u3057\u3066\u3044\u307e\u3059\u304c\u3001\u30e6\u30fc\u30ec\u30a4\u30eb\u30d5\u30e9\u30f3\u30b9\u30d1\u30b9\u3001\u30e6\u30fc\u30ec\u30a4\u30eb\u30b0\u30ed\u30fc\u30d0\u30eb\u30d1\u30b9\u3092\u4fdd\u6709\u3057\u3066\u3044\u3066\u3082\u3001\u4e57\u308c\u307e\u305b\u3093 &hellip; <a href=\"https:\/\/tabi-station.com\/eurail\/?page_id=278\" class=\"more-link\">\u7d9a\u304d\u3092\u8aad\u3080 <span class=\"screen-reader-text\">\u30d5\u30e9\u30f3\u30b9\u306e\u9244\u9053\u3000French Railway<\/span> <span class=\"meta-nav\">&rarr;<\/span><\/a><\/p>\n","protected":false},"author":1,"featured_media":3753,"parent":271,"menu_order":0,"comment_status":"closed","ping_status":"closed","template":"","meta":{"footnotes":""},"class_list":["post-278","page","type-page","status-publish","has-post-thumbnail","hentry"],"_links":{"self":[{"href":"https:\/\/tabi-station.com\/eurail\/index.php?rest_route=\/wp\/v2\/pages\/278","targetHints":{"allow":["GET"]}}],"collection":[{"href":"https:\/\/tabi-station.com\/eurail\/index.php?rest_route=\/wp\/v2\/pages"}],"about":[{"href":"https:\/\/tabi-station.com\/eurail\/index.php?rest_route=\/wp\/v2\/types\/page"}],"author":[{"embeddable":true,"href":"https:\/\/tabi-station.com\/eurail\/index.php?rest_route=\/wp\/v2\/users\/1"}],"replies":[{"embeddable":true,"href":"https:\/\/tabi-station.com\/eurail\/index.php?rest_route=%2Fwp%2Fv2%2Fcomments&post=278"}],"version-history":[{"count":69,"href":"https:\/\/tabi-station.com\/eurail\/index.php?rest_route=\/wp\/v2\/pages\/278\/revisions"}],"predecessor-version":[{"id":9738,"href":"https:\/\/tabi-station.com\/eurail\/index.php?rest_route=\/wp\/v2\/pages\/278\/revisions\/9738"}],"up":[{"embeddable":true,"href":"https:\/\/tabi-station.com\/eurail\/index.php?rest_route=\/wp\/v2\/pages\/271"}],"wp:featuredmedia":[{"embeddable":true,"href":"https:\/\/tabi-station.com\/eurail\/index.php?rest_route=\/wp\/v2\/media\/3753"}],"wp:attachment":[{"href":"https:\/\/tabi-station.com\/eurail\/index.php?rest_route=%2Fwp%2Fv2%2Fmedia&parent=278"}],"curies":[{"name":"wp","href":"https:\/\/api.w.org\/{rel}","templated":true}]}}